{"id":1124,"date":"2012-10-04T00:33:27","date_gmt":"2012-10-03T22:33:27","guid":{"rendered":"http:\/\/stammkoenigartus.de\/?page_id=1124"},"modified":"2024-02-04T15:24:54","modified_gmt":"2024-02-04T14:24:54","slug":"rover","status":"publish","type":"page","link":"https:\/\/stammkoenigartus.de\/?page_id=1124","title":{"rendered":"Rover \u00fc 18"},"content":{"rendered":"\n<p class=\"has-text-align-center\">Rover sind alle \u00fcber 18 Jahren, sie haben nicht mehr regelm\u00e4\u00dfig Gruppenstunden und sind in keiner Gruppenf\u00fchrung.&nbsp;Sie unterst\u00fctzen den Stamm direkt. Bei einem Lager k\u00f6nnen sie so mehr Aufgaben erledigen und so alle Gruppenf\u00fchrungen entlasten.<\/p>\n\n\n\n<p><\/p>\n\n\n\n<div class=\"wp-block-media-text alignwide has-media-on-the-right is-stacked-on-mobile\"><div class=\"wp-block-media-text__content\">\n<p><strong>Rover Ector<\/strong><\/p>\n\n\n\n<p>Jahrgang: vertraulich (ab 18 Jahren)<\/p>\n\n\n\n<p>Roversprecher: Ramona<\/p>\n\n\n\n<p>Kontakt: ramona@stammkoenigartus.de<\/p>\n\n\n\n<p>Keine regelm\u00e4\u00dfigen Gruppenstunden<\/p>\n<\/div><figure class=\"wp-block-media-text__media\"><img loading=\"lazy\" decoding=\"async\" width=\"758\" height=\"600\" src=\"https:\/\/stammkoenigartus.de\/wp-content\/uploads\/IMGP0569-1.jpg\" alt=\"\" class=\"wp-image-17341 size-full\" srcset=\"https:\/\/stammkoenigartus.de\/wp-content\/uploads\/IMGP0569-1.jpg 758w, https:\/\/stammkoenigartus.de\/wp-content\/uploads\/IMGP0569-1-480x380.jpg 480w, https:\/\/stammkoenigartus.de\/wp-content\/uploads\/IMGP0569-1-291x230.jpg 291w, https:\/\/stammkoenigartus.de\/wp-content\/uploads\/IMGP0569-1-600x475.jpg 600w, https:\/\/stammkoenigartus.de\/wp-content\/uploads\/IMGP0569-1-400x317.jpg 400w\" sizes=\"auto, (max-width: 758px) 100vw, 758px\" \/><\/figure><\/div>\n\n\n\n<div class=\"wp-block-media-text alignwide is-stacked-on-mobile\"><figure class=\"wp-block-media-text__media\"><img loading=\"lazy\" decoding=\"async\" width=\"397\" height=\"600\" src=\"https:\/\/stammkoenigartus.de\/wp-content\/uploads\/Roverrunde-excarlibur22.jpg\" alt=\"\" class=\"wp-image-17011 size-full\" srcset=\"https:\/\/stammkoenigartus.de\/wp-content\/uploads\/Roverrunde-excarlibur22.jpg 397w, https:\/\/stammkoenigartus.de\/wp-content\/uploads\/Roverrunde-excarlibur22-152x230.jpg 152w\" sizes=\"auto, (max-width: 397px) 100vw, 397px\" \/><\/figure><div class=\"wp-block-media-text__content\">\n<p><strong>Rover Excalibur<\/strong><\/p>\n\n\n\n<p>Jahrgang: vertraulich (ab 18 Jahren)<\/p>\n\n\n\n<p>Roversprecher: Willi<\/p>\n\n\n\n<p>Kontakt: willi@stammkoenigartus.de<\/p>\n\n\n\n\t\t<div class=\"wcs-timetable__wrapper\">\n\t\t\t<div class=\"wcs-vue\" id=\"wcs-app-2\"><\/div>\n\t\t<\/div>\n\t\t\n<\/div><\/div>\n\n\n\n<div class=\"wp-block-media-text alignwide has-media-on-the-right is-stacked-on-mobile\"><div class=\"wp-block-media-text__content\">\n<p><strong>Rover Ph\u00f6nix<\/strong><\/p>\n\n\n\n<p>Jahrgang: vertraulich (ab 18 Jahren)<\/p>\n\n\n\n<p>Roversprecher: Bierla<\/p>\n\n\n\n<p>Kontakt: bierla@stammkoenigartus.de<\/p>\n\n\n\n<p>Keine regelm\u00e4\u00dfigen Gruppenstunden<\/p>\n<\/div><figure class=\"wp-block-media-text__media\"><img loading=\"lazy\" decoding=\"async\" width=\"800\" height=\"526\" src=\"https:\/\/stammkoenigartus.de\/wp-content\/uploads\/IMGP0588.jpg\" alt=\"\" class=\"wp-image-17342 size-full\" srcset=\"https:\/\/stammkoenigartus.de\/wp-content\/uploads\/IMGP0588.jpg 800w, https:\/\/stammkoenigartus.de\/wp-content\/uploads\/IMGP0588-480x316.jpg 480w, https:\/\/stammkoenigartus.de\/wp-content\/uploads\/IMGP0588-768x505.jpg 768w, https:\/\/stammkoenigartus.de\/wp-content\/uploads\/IMGP0588-350x230.jpg 350w, https:\/\/stammkoenigartus.de\/wp-content\/uploads\/IMGP0588-600x395.jpg 600w, https:\/\/stammkoenigartus.de\/wp-content\/uploads\/IMGP0588-400x263.jpg 400w\" sizes=\"auto, (max-width: 800px) 100vw, 800px\" \/><\/figure><\/div>\n\n\n\n<div class=\"wp-block-media-text alignwide is-stacked-on-mobile\"><figure class=\"wp-block-media-text__media\"><img loading=\"lazy\" decoding=\"async\" width=\"320\" height=\"320\" src=\"https:\/\/stammkoenigartus.de\/wp-content\/uploads\/Symbol-Kreuzritter.jpg\" alt=\"\" class=\"wp-image-6496 size-full\" srcset=\"https:\/\/stammkoenigartus.de\/wp-content\/uploads\/Symbol-Kreuzritter.jpg 320w, https:\/\/stammkoenigartus.de\/wp-content\/uploads\/Symbol-Kreuzritter-150x150.jpg 150w, https:\/\/stammkoenigartus.de\/wp-content\/uploads\/Symbol-Kreuzritter-300x300.jpg 300w\" sizes=\"auto, (max-width: 320px) 100vw, 320px\" \/><\/figure><div class=\"wp-block-media-text__content\">\n<p><strong>Rover Kreuzritter<\/strong><\/p>\n\n\n\n<p>Jahrgang: vertraulich (ab 18 Jahren)<\/p>\n\n\n\n<p>Roversprecher: France<\/p>\n\n\n\n<p>Kontakt: france@stammkoenigartus.de<\/p>\n\n\n\n<p>Keine regelm\u00e4\u00dfigen Gruppenstunden<\/p>\n<\/div><\/div>\n\n\n\n<h3>Rovertreffen:\u00a0<\/h3>\n\t\t<div class=\"wcs-timetable__wrapper\">\n\t\t\t<div class=\"wcs-vue\" id=\"wcs-app-37\"><\/div>\n\t\t<\/div>\n\t\t\n","protected":false},"excerpt":{"rendered":"<p>Rover sind alle \u00fcber 18 Jahren, sie haben nicht mehr regelm\u00e4\u00dfig Gruppenstunden und sind in keiner Gruppenf\u00fchrung.&nbsp;Sie unterst\u00fctzen den Stamm direkt. Bei einem Lager k\u00f6nnen &hellip;<\/p>\n","protected":false},"author":2,"featured_media":12341,"parent":740,"menu_order":52,"comment_status":"open","ping_status":"closed","template":"","meta":{"_monsterinsights_skip_tracking":false,"_monsterinsights_sitenote_active":false,"_monsterinsights_sitenote_note":"","_monsterinsights_sitenote_category":0,"footnotes":""},"class_list":["post-1124","page","type-page","status-publish","has-post-thumbnail","hentry"],"aioseo_notices":[],"_links":{"self":[{"href":"https:\/\/stammkoenigartus.de\/index.php?rest_route=\/wp\/v2\/pages\/1124","targetHints":{"allow":["GET"]}}],"collection":[{"href":"https:\/\/stammkoenigartus.de\/index.php?rest_route=\/wp\/v2\/pages"}],"about":[{"href":"https:\/\/stammkoenigartus.de\/index.php?rest_route=\/wp\/v2\/types\/page"}],"author":[{"embeddable":true,"href":"https:\/\/stammkoenigartus.de\/index.php?rest_route=\/wp\/v2\/users\/2"}],"replies":[{"embeddable":true,"href":"https:\/\/stammkoenigartus.de\/index.php?rest_route=%2Fwp%2Fv2%2Fcomments&post=1124"}],"version-history":[{"count":21,"href":"https:\/\/stammkoenigartus.de\/index.php?rest_route=\/wp\/v2\/pages\/1124\/revisions"}],"predecessor-version":[{"id":18889,"href":"https:\/\/stammkoenigartus.de\/index.php?rest_route=\/wp\/v2\/pages\/1124\/revisions\/18889"}],"up":[{"embeddable":true,"href":"https:\/\/stammkoenigartus.de\/index.php?rest_route=\/wp\/v2\/pages\/740"}],"wp:featuredmedia":[{"embeddable":true,"href":"https:\/\/stammkoenigartus.de\/index.php?rest_route=\/wp\/v2\/media\/12341"}],"wp:attachment":[{"href":"https:\/\/stammkoenigartus.de\/index.php?rest_route=%2Fwp%2Fv2%2Fmedia&parent=1124"}],"curies":[{"name":"wp","href":"https:\/\/api.w.org\/{rel}","templated":true}]}}