{"id":17718,"date":"2023-01-30T09:47:01","date_gmt":"2023-01-30T08:47:01","guid":{"rendered":"https:\/\/stammkoenigartus.de\/?page_id=17718"},"modified":"2023-01-30T09:52:11","modified_gmt":"2023-01-30T08:52:11","slug":"halloween-anmeldung","status":"publish","type":"page","link":"https:\/\/stammkoenigartus.de\/?page_id=17718","title":{"rendered":"Halloween Anmeldung"},"content":{"rendered":"\n\n\n<h5>Wer am Ende des Abends an einem vollen Tisch mit S\u00fc\u00dfigkeiten speisen m\u00f6chte, kann uns gerne besuchen. Neben den S\u00fc\u00dfigkeiten haben wir immer eine gruselige Halloweenparty mit lustige Spielen am Start. Ach und wenn du neu bist, erkennt dich eh keiner \ud83d\ude42 denn du bist ja verkleidet. Also was spricht dagegen zu kommen und mit zu machen? Die Halloweenaktion ist \u00fcbrigens f\u00fcr jeden umsonst.\u00a0<\/h5>\n<h3>Trag dich direkt hier ein:\u00a0<\/h3>\n<h3>\n<div class=\"wpcf7 no-js\" id=\"wpcf7-f13808-o1\" lang=\"en-US\" dir=\"ltr\" data-wpcf7-id=\"13808\">\n<div class=\"screen-reader-response\"><p role=\"status\" aria-live=\"polite\" aria-atomic=\"true\"><\/p> <ul><\/ul><\/div>\n<form action=\"\/index.php?rest_route=%2Fwp%2Fv2%2Fpages%2F17718#wpcf7-f13808-o1\" method=\"post\" class=\"wpcf7-form init\" aria-label=\"Contact form\" novalidate=\"novalidate\" data-status=\"init\">\n<fieldset class=\"hidden-fields-container\"><input type=\"hidden\" name=\"_wpcf7\" value=\"13808\" \/><input type=\"hidden\" name=\"_wpcf7_version\" value=\"6.1.5\" \/><input type=\"hidden\" name=\"_wpcf7_locale\" value=\"en_US\" \/><input type=\"hidden\" name=\"_wpcf7_unit_tag\" value=\"wpcf7-f13808-o1\" \/><input type=\"hidden\" name=\"_wpcf7_container_post\" value=\"0\" \/><input type=\"hidden\" name=\"_wpcf7_posted_data_hash\" value=\"\" \/>\n<\/fieldset>\n<p>Vor und Nachnahme des Kindes (Pflichtfeld)\n<\/p>\n<p><span class=\"wpcf7-form-control-wrap\" data-name=\"your-name\"><input size=\"40\" maxlength=\"400\" class=\"wpcf7-form-control wpcf7-text wpcf7-validates-as-required\" aria-required=\"true\" aria-invalid=\"false\" value=\"\" type=\"text\" name=\"your-name\" \/><\/span>\n<\/p>\n<p>Alter\n<\/p>\n<p><span class=\"wpcf7-form-control-wrap\" data-name=\"number-85\"><input class=\"wpcf7-form-control wpcf7-number wpcf7-validates-as-required wpcf7-validates-as-number\" min=\"5\" max=\"16\" aria-required=\"true\" aria-invalid=\"false\" value=\"\" type=\"number\" name=\"number-85\" \/><\/span>\n<\/p>\n<p>Telefonnummer\n<\/p>\n<p><span class=\"wpcf7-form-control-wrap\" data-name=\"tel-172\"><input size=\"40\" maxlength=\"400\" class=\"wpcf7-form-control wpcf7-tel wpcf7-validates-as-required wpcf7-text wpcf7-validates-as-tel\" aria-required=\"true\" aria-invalid=\"false\" value=\"\" type=\"tel\" name=\"tel-172\" \/><\/span>\n<\/p>\n<p>Wichtig f\u00fcr uns! Alergien? Vegetarier, oder andere Besonderheiten\n<\/p>\n<p><span class=\"wpcf7-form-control-wrap\" data-name=\"your-message\"><textarea cols=\"40\" rows=\"10\" maxlength=\"2000\" class=\"wpcf7-form-control wpcf7-textarea\" aria-invalid=\"false\" name=\"your-message\"><\/textarea><\/span>\n<\/p>\n<p><input class=\"wpcf7-form-control wpcf7-submit has-spinner\" type=\"submit\" value=\"Senden\" \/>\n<\/p><div class=\"wpcf7-response-output\" aria-hidden=\"true\"><\/div>\n<\/form>\n<\/div>\n\r\n\t\t\t\t<script>\r\n\t\t\t\tif ( typeof huOptions !== 'undefined' ) {\r\n\t\t\t\t\tvar huFormData = {\"source\":\"contactform7\",\"id\":13808,\"title\":\"Kontaktformular Halloween Nichtmitglieder\",\"fields\":{\"subject\":{\"first_name\":\"your-name\",\"email\":\"your-email\"},\"preferences\":{\"terms\":\"your-consent\"}}};\r\n\t\t\t\t\tvar huFormNode = document.querySelector( '[id^=\"wpcf7-f13808-\"] form' );\r\n\r\n\t\t\t\t\thuFormData['node'] = huFormNode;\r\n\t\t\t\t\thuOptions['forms'].push( huFormData );\r\n\t\t\t\t}\r\n\t\t\t\t<\/script>\u00a0<\/h3>\n","protected":false},"excerpt":{"rendered":"<p>Wer am Ende des Abends an einem vollen Tisch mit S\u00fc\u00dfigkeiten speisen m\u00f6chte, kann uns gerne besuchen. Neben den S\u00fc\u00dfigkeiten haben wir immer eine gruselige &hellip;<\/p>\n","protected":false},"author":2,"featured_media":9990,"parent":12028,"menu_order":0,"comment_status":"closed","ping_status":"closed","template":"","meta":{"_monsterinsights_skip_tracking":false,"_monsterinsights_sitenote_active":false,"_monsterinsights_sitenote_note":"","_monsterinsights_sitenote_category":0,"footnotes":""},"class_list":["post-17718","page","type-page","status-publish","has-post-thumbnail","hentry"],"aioseo_notices":[],"_links":{"self":[{"href":"https:\/\/stammkoenigartus.de\/index.php?rest_route=\/wp\/v2\/pages\/17718","targetHints":{"allow":["GET"]}}],"collection":[{"href":"https:\/\/stammkoenigartus.de\/index.php?rest_route=\/wp\/v2\/pages"}],"about":[{"href":"https:\/\/stammkoenigartus.de\/index.php?rest_route=\/wp\/v2\/types\/page"}],"author":[{"embeddable":true,"href":"https:\/\/stammkoenigartus.de\/index.php?rest_route=\/wp\/v2\/users\/2"}],"replies":[{"embeddable":true,"href":"https:\/\/stammkoenigartus.de\/index.php?rest_route=%2Fwp%2Fv2%2Fcomments&post=17718"}],"version-history":[{"count":4,"href":"https:\/\/stammkoenigartus.de\/index.php?rest_route=\/wp\/v2\/pages\/17718\/revisions"}],"predecessor-version":[{"id":17722,"href":"https:\/\/stammkoenigartus.de\/index.php?rest_route=\/wp\/v2\/pages\/17718\/revisions\/17722"}],"up":[{"embeddable":true,"href":"https:\/\/stammkoenigartus.de\/index.php?rest_route=\/wp\/v2\/pages\/12028"}],"wp:featuredmedia":[{"embeddable":true,"href":"https:\/\/stammkoenigartus.de\/index.php?rest_route=\/wp\/v2\/media\/9990"}],"wp:attachment":[{"href":"https:\/\/stammkoenigartus.de\/index.php?rest_route=%2Fwp%2Fv2%2Fmedia&parent=17718"}],"curies":[{"name":"wp","href":"https:\/\/api.w.org\/{rel}","templated":true}]}}