{"id":18876,"date":"2024-02-04T14:43:42","date_gmt":"2024-02-04T13:43:42","guid":{"rendered":"https:\/\/stammkoenigartus.de\/?page_id=18876"},"modified":"2024-05-19T11:11:51","modified_gmt":"2024-05-19T09:11:51","slug":"test-kuchenformular","status":"publish","type":"page","link":"https:\/\/stammkoenigartus.de\/?page_id=18876","title":{"rendered":"Unterst\u00fctzung Stammesjubil\u00e4um 70 Jahre Stamm K\u00f6nig Artus"},"content":{"rendered":"\n\n\n<h3>Kuchen f\u00fcr den Festtag<\/h3>\n<p>Wir w\u00fcrden uns freuen, wenn ihr uns unterst\u00fctzt und f\u00fcr Freitag, den 07. Juni 2024 einen Kuchen oder eine Torte backt.<\/p>\n\n<div class=\"wpcf7 no-js\" id=\"wpcf7-f18878-o1\" lang=\"de-DE\" dir=\"ltr\" data-wpcf7-id=\"18878\">\n<div class=\"screen-reader-response\"><p role=\"status\" aria-live=\"polite\" aria-atomic=\"true\"><\/p> <ul><\/ul><\/div>\n<form action=\"\/index.php?rest_route=%2Fwp%2Fv2%2Fpages%2F18876#wpcf7-f18878-o1\" method=\"post\" class=\"wpcf7-form init\" aria-label=\"Kontaktformular\" novalidate=\"novalidate\" data-status=\"init\">\n<fieldset class=\"hidden-fields-container\"><input type=\"hidden\" name=\"_wpcf7\" value=\"18878\" \/><input type=\"hidden\" name=\"_wpcf7_version\" value=\"6.1.5\" \/><input type=\"hidden\" name=\"_wpcf7_locale\" value=\"de_DE\" \/><input type=\"hidden\" name=\"_wpcf7_unit_tag\" value=\"wpcf7-f18878-o1\" \/><input type=\"hidden\" name=\"_wpcf7_container_post\" value=\"0\" \/><input type=\"hidden\" name=\"_wpcf7_posted_data_hash\" value=\"\" \/>\n<\/fieldset>\n<p><label> Dein vollst\u00e4ndiger Name (Pflichtfeld)<br \/>\n<span class=\"wpcf7-form-control-wrap\" data-name=\"your-name\"><input size=\"40\" maxlength=\"400\" class=\"wpcf7-form-control wpcf7-text wpcf7-validates-as-required\" aria-required=\"true\" aria-invalid=\"false\" value=\"\" type=\"text\" name=\"your-name\" \/><\/span> <\/label>\n<\/p>\n<p><label> Welchen Kuchen\/Torte m\u00f6chtest du mitbringen? (Pflichtfeld)<br \/>\n<span class=\"wpcf7-form-control-wrap\" data-name=\"your-subject\"><input size=\"40\" maxlength=\"400\" class=\"wpcf7-form-control wpcf7-text wpcf7-validates-as-required\" aria-required=\"true\" aria-invalid=\"false\" value=\"\" type=\"text\" name=\"your-subject\" \/><\/span> <\/label>\n<\/p>\n<p>Ben\u00f6tigt dein Kuchen bzw. deine Torte eine K\u00fchlung? (Pflichtfeld)<br \/>\n<span class=\"wpcf7-form-control-wrap\" data-name=\"radio-kuehlung_notw\"><span class=\"wpcf7-form-control wpcf7-radio\"><span class=\"wpcf7-list-item first\"><label><input type=\"radio\" name=\"radio-kuehlung_notw\" value=\"JA\" checked=\"checked\" \/><span class=\"wpcf7-list-item-label\">JA<\/span><\/label><\/span><span class=\"wpcf7-list-item last\"><label><input type=\"radio\" name=\"radio-kuehlung_notw\" value=\"NEIN\" \/><span class=\"wpcf7-list-item-label\">NEIN<\/span><\/label><\/span><\/span><\/span>\n<\/p>\n<p><label> Sonstige Fragen?<br \/>\n<span class=\"wpcf7-form-control-wrap\" data-name=\"your-message\"><textarea cols=\"40\" rows=\"10\" maxlength=\"2000\" class=\"wpcf7-form-control wpcf7-textarea\" aria-invalid=\"false\" name=\"your-message\"><\/textarea><\/span> <\/label>\n<\/p>\n<p><input class=\"wpcf7-form-control wpcf7-submit has-spinner\" type=\"submit\" value=\"Senden\" \/>\n<\/p><div class=\"wpcf7-response-output\" aria-hidden=\"true\"><\/div>\n<\/form>\n<\/div>\n\r\n\t\t\t\t<script>\r\n\t\t\t\tif ( typeof huOptions !== 'undefined' ) {\r\n\t\t\t\t\tvar huFormData = {\"source\":\"contactform7\",\"id\":18878,\"title\":\"Kuchen Stammesjubil\\u00e4um?\",\"fields\":{\"subject\":{\"first_name\":\"your-name\",\"email\":\"your-email\"},\"preferences\":{\"terms\":\"your-consent\"}}};\r\n\t\t\t\t\tvar huFormNode = document.querySelector( '[id^=\"wpcf7-f18878-\"] form' );\r\n\r\n\t\t\t\t\thuFormData['node'] = huFormNode;\r\n\t\t\t\t\thuOptions['forms'].push( huFormData );\r\n\t\t\t\t}\r\n\t\t\t\t<\/script>\n\n\n\n<hr class=\"wp-block-separator has-alpha-channel-opacity\"\/>\n\n\n\n<h3>Unterst\u00fctzung f\u00fcr den Festtag<\/h3>\n<p>F\u00fcr unseren \u00f6ffentlichen Tag am Freitag, den 07.06.2024 ben\u00f6tigen wir einige Eltern, die uns bei Kaffee &amp; Kuchen, am Grill, beim Sp\u00fclen oder als Bedienung und allem, das sonst noch an dem Tag ansteht, unterst\u00fctzen.<\/p>\n<p>Bitte tragt euch in das unten stehende Formular ein, wir versuchen eure W\u00fcnsche bestm\u00f6glich zu ber\u00fccksichtigen. <br \/>Eine genaue Einteilung erfolgt vor dem Festtag noch.<\/p>\n\n<div class=\"wpcf7 no-js\" id=\"wpcf7-f12791-o2\" lang=\"en-US\" dir=\"ltr\" data-wpcf7-id=\"12791\">\n<div class=\"screen-reader-response\"><p role=\"status\" aria-live=\"polite\" aria-atomic=\"true\"><\/p> <ul><\/ul><\/div>\n<form action=\"\/index.php?rest_route=%2Fwp%2Fv2%2Fpages%2F18876#wpcf7-f12791-o2\" method=\"post\" class=\"wpcf7-form init\" aria-label=\"Contact form\" novalidate=\"novalidate\" data-status=\"init\">\n<fieldset class=\"hidden-fields-container\"><input type=\"hidden\" name=\"_wpcf7\" value=\"12791\" \/><input type=\"hidden\" name=\"_wpcf7_version\" value=\"6.1.5\" \/><input type=\"hidden\" name=\"_wpcf7_locale\" value=\"en_US\" \/><input type=\"hidden\" name=\"_wpcf7_unit_tag\" value=\"wpcf7-f12791-o2\" \/><input type=\"hidden\" name=\"_wpcf7_container_post\" value=\"0\" \/><input type=\"hidden\" name=\"_wpcf7_posted_data_hash\" value=\"\" \/>\n<\/fieldset>\n<p>Dein vollst\u00e4ndiger Name (Pflichtfeld)\n<\/p>\n<p><span class=\"wpcf7-form-control-wrap\" data-name=\"DeinName\"><input size=\"40\" maxlength=\"400\" class=\"wpcf7-form-control wpcf7-text wpcf7-validates-as-required\" aria-required=\"true\" aria-invalid=\"false\" value=\"\" type=\"text\" name=\"DeinName\" \/><\/span>\n<\/p>\n<p>Telefonnummer f\u00fcr Abstimmung (Pflichtfeld):\n<\/p>\n<p><span class=\"wpcf7-form-control-wrap\" data-name=\"text-telnr\"><input size=\"40\" maxlength=\"400\" class=\"wpcf7-form-control wpcf7-text wpcf7-validates-as-required\" aria-required=\"true\" aria-invalid=\"false\" value=\"\" type=\"text\" name=\"text-telnr\" \/><\/span>\n<\/p>\n<p>Wo k\u00f6nntest du uns helfen? (Pflichtfeld)<br \/>\n(Mehrfachauswahl durch STRG + Klicken)<br \/>\n<span class=\"wpcf7-form-control-wrap\" data-name=\"menu-hilfe\"><select class=\"wpcf7-form-control wpcf7-select wpcf7-validates-as-required\" aria-required=\"true\" aria-invalid=\"false\" multiple=\"multiple\" name=\"menu-hilfe[]\"><option value=\"EGAL\">EGAL<\/option><option value=\"Kaffee &amp; Kuchen\">Kaffee &amp; Kuchen<\/option><option value=\"Grill\">Grill<\/option><option value=\"Sp\u00fclen\">Sp\u00fclen<\/option><option value=\"Bedienung\">Bedienung<\/option><\/select><\/span>\n<\/p>\n<p>Davon w\u00e4re folgendes meine Pr\u00e4ferenz: (Pflichtfeld)<br \/>\n<span class=\"wpcf7-form-control-wrap\" data-name=\"menu-hilfe-praef\"><select class=\"wpcf7-form-control wpcf7-select wpcf7-validates-as-required\" aria-required=\"true\" aria-invalid=\"false\" name=\"menu-hilfe-praef\"><option value=\"EGAL\">EGAL<\/option><option value=\"Kaffee &amp; Kuchen\">Kaffee &amp; Kuchen<\/option><option value=\"Grill\">Grill<\/option><option value=\"Sp\u00fclen\">Sp\u00fclen<\/option><option value=\"Bedienung\">Bedienung<\/option><\/select><\/span>\n<\/p>\n<p>Welche Schicht w\u00e4re bei dir zeitlich m\u00f6glich? (Pflichtfeld)<br \/>\n(Mehrfachauswahl durch STRG + Klicken)<br \/>\n(je nach Einsatz gehen die Schichten ca. 2,5-3h; Beginn Schicht 1 ca. 13\/13.30 Uhr \/ Ende Schicht 3 ca. 21.30 - genaue Zeiten folgen noch)<br \/>\n<span class=\"wpcf7-form-control-wrap\" data-name=\"menu-schicht\"><select class=\"wpcf7-form-control wpcf7-select wpcf7-validates-as-required\" aria-required=\"true\" aria-invalid=\"false\" multiple=\"multiple\" name=\"menu-schicht[]\"><option value=\"Schicht 1\">Schicht 1<\/option><option value=\"Schicht 2\">Schicht 2<\/option><option value=\"Schicht 3\">Schicht 3<\/option><\/select><\/span>\n<\/p>\n<p>Aus den m\u00f6glichen Schichten w\u00e4re das meine Lieblingsschicht: (Pflichtfeld)<br \/>\n<span class=\"wpcf7-form-control-wrap\" data-name=\"menu-schicht-praef\"><select class=\"wpcf7-form-control wpcf7-select wpcf7-validates-as-required\" aria-required=\"true\" aria-invalid=\"false\" name=\"menu-schicht-praef\"><option value=\"Schicht 1\">Schicht 1<\/option><option value=\"Schicht 2\">Schicht 2<\/option><option value=\"Schicht 3\">Schicht 3<\/option><\/select><\/span>\n<\/p>\n<p>Sonstiges, Fragen, etc:<br \/>\n<span class=\"wpcf7-form-control-wrap\" data-name=\"textarea-234\"><textarea cols=\"40\" rows=\"10\" maxlength=\"2000\" class=\"wpcf7-form-control wpcf7-textarea\" aria-invalid=\"false\" name=\"textarea-234\"><\/textarea><\/span>\n<\/p>\n<p><input class=\"wpcf7-form-control wpcf7-submit has-spinner\" type=\"submit\" value=\"Senden\" \/>\n<\/p><div class=\"wpcf7-response-output\" aria-hidden=\"true\"><\/div>\n<\/form>\n<\/div>\n\r\n\t\t\t\t<script>\r\n\t\t\t\tif ( typeof huOptions !== 'undefined' ) {\r\n\t\t\t\t\tvar huFormData = {\"source\":\"contactform7\",\"id\":12791,\"title\":\"Helfer Jubil\\u00e4um\",\"fields\":{\"subject\":{\"first_name\":\"your-name\",\"email\":\"your-email\"},\"preferences\":{\"terms\":\"your-consent\"}}};\r\n\t\t\t\t\tvar huFormNode = document.querySelector( '[id^=\"wpcf7-f12791-\"] form' );\r\n\r\n\t\t\t\t\thuFormData['node'] = huFormNode;\r\n\t\t\t\t\thuOptions['forms'].push( huFormData );\r\n\t\t\t\t}\r\n\t\t\t\t<\/script>\n","protected":false},"excerpt":{"rendered":"<p>Kuchen f\u00fcr den Festtag Wir w\u00fcrden uns freuen, wenn ihr uns unterst\u00fctzt und f\u00fcr Freitag, den 07. Juni 2024 einen Kuchen oder eine Torte backt. &hellip;<\/p>\n","protected":false},"author":3,"featured_media":0,"parent":0,"menu_order":0,"comment_status":"closed","ping_status":"closed","template":"","meta":{"_monsterinsights_skip_tracking":false,"_monsterinsights_sitenote_active":false,"_monsterinsights_sitenote_note":"","_monsterinsights_sitenote_category":0,"footnotes":""},"class_list":["post-18876","page","type-page","status-publish","hentry"],"aioseo_notices":[],"_links":{"self":[{"href":"https:\/\/stammkoenigartus.de\/index.php?rest_route=\/wp\/v2\/pages\/18876","targetHints":{"allow":["GET"]}}],"collection":[{"href":"https:\/\/stammkoenigartus.de\/index.php?rest_route=\/wp\/v2\/pages"}],"about":[{"href":"https:\/\/stammkoenigartus.de\/index.php?rest_route=\/wp\/v2\/types\/page"}],"author":[{"embeddable":true,"href":"https:\/\/stammkoenigartus.de\/index.php?rest_route=\/wp\/v2\/users\/3"}],"replies":[{"embeddable":true,"href":"https:\/\/stammkoenigartus.de\/index.php?rest_route=%2Fwp%2Fv2%2Fcomments&post=18876"}],"version-history":[{"count":7,"href":"https:\/\/stammkoenigartus.de\/index.php?rest_route=\/wp\/v2\/pages\/18876\/revisions"}],"predecessor-version":[{"id":18986,"href":"https:\/\/stammkoenigartus.de\/index.php?rest_route=\/wp\/v2\/pages\/18876\/revisions\/18986"}],"wp:attachment":[{"href":"https:\/\/stammkoenigartus.de\/index.php?rest_route=%2Fwp%2Fv2%2Fmedia&parent=18876"}],"curies":[{"name":"wp","href":"https:\/\/api.w.org\/{rel}","templated":true}]}}