{"id":18929,"date":"2024-03-27T09:44:56","date_gmt":"2024-03-27T08:44:56","guid":{"rendered":"https:\/\/stammkoenigartus.de\/?page_id=18929"},"modified":"2024-04-28T09:18:35","modified_gmt":"2024-04-28T07:18:35","slug":"72-h-aktion-2024","status":"publish","type":"page","link":"https:\/\/stammkoenigartus.de\/?page_id=18929","title":{"rendered":"72 Stunden Aktion 2024"},"content":{"rendered":"\n<p><\/p>\n\n\n\n<h1 style=\"text-align: center;\">18. bis 21. April 2024<\/h1>\n<h2 style=\"text-align: center;\">Wir nehmen an einer der gr\u00f6\u00dften Sozialaktionen des BDKJ teil.<\/h2>\n\n\n\n<p><strong>Die Challenge:<\/strong><\/p>\n\n\n\n<p>Wir wollten in 72 h den alten Teich hinter unserem Pfadfinderheim erneuern und eine Wassertiefe erzeugen die sich sowohl zum Schwimmen als auch zum toben eignet. Die Umgebung des Teiches wird von Unkrautwuchs befreit und einige B\u00e4ume zurecht gestutzt. Der Teich ist Naturgespeist und bietet einen nat\u00fcrlichen Wasserdurchlauf. <\/p>\n\n\n\n<p><strong>Die K\u00f6nig Artus Teichgr\u00e4ber:<\/strong><\/p>\n\n\n\n<p>Tag 1: Wurden morsche \u00c4ste entfernt, der Teich leer gepumpt, mit Bagger und Anh\u00e4nger soviel Schlamm wie m\u00f6glich aus dem Teich entfernt und weg gefahren. <br>Tag 2: Erneut auspumpen, erneut Schlamm wegfahren, Staumauer aufrichten, Deich aufsch\u00fctten, Rohre legen und mit Kie\u00df abdecken. Wasserzulauf \u00f6ffnen.<br>Tag 3: Deich finalisieren, \u00dcberlauf herrichten, Ger\u00e4te reinigen, Stra\u00dfe kehren, Grillen, Am Ende der 72 h steht ein neuer Teich.<br>Wir danken jedem der uns unterst\u00fctzt hat. Besonders aber:  <br>Der Garten und Landschaftspflege Patrick Mai<br>Den Bauern Klaus Backer und Lukas B\u00f6hner<br>Allen Anwohnern in Waldbuch f\u00fcr die Tipps vor w\u00e4hrend und nach der Aktion!<br><strong>Fotos: <\/strong><br>Folgt hierzu gerne folgendem Link:  <a href=\"https:\/\/rewe.synology.me:5001\/d\/s\/xozJNkki6m78hZYLCStV2TmHDwkiRsRt\/Ikz8m7_UkgYL8C0MUkys1PP19UgDP4tF-Nb0Aa_QPPQs\" target=\"_blank\" rel=\"noopener\" title=\"ARCHIV\">ARCHIV<\/a><\/p>\n\n\n\n<p><strong>Vorher:<\/strong><\/p>\n\n\n\n<figure class=\"wp-block-gallery has-nested-images columns-default is-cropped wp-block-gallery-1 is-layout-flex wp-block-gallery-is-layout-flex\">\n<figure class=\"wp-block-image size-large\"><img loading=\"lazy\" decoding=\"async\" width=\"3018\" height=\"4024\" data-id=\"18951\" src=\"https:\/\/stammkoenigartus.de\/wp-content\/uploads\/20240331_151242-3018x4024.jpg\" alt=\"\" class=\"wp-image-18951\" srcset=\"https:\/\/stammkoenigartus.de\/wp-content\/uploads\/20240331_151242-3018x4024.jpg 3018w, https:\/\/stammkoenigartus.de\/wp-content\/uploads\/20240331_151242-480x640.jpg 480w, https:\/\/stammkoenigartus.de\/wp-content\/uploads\/20240331_151242-768x1024.jpg 768w, https:\/\/stammkoenigartus.de\/wp-content\/uploads\/20240331_151242-1152x1536.jpg 1152w, https:\/\/stammkoenigartus.de\/wp-content\/uploads\/20240331_151242-1536x2048.jpg 1536w, https:\/\/stammkoenigartus.de\/wp-content\/uploads\/20240331_151242-225x300.jpg 225w, https:\/\/stammkoenigartus.de\/wp-content\/uploads\/20240331_151242-600x800.jpg 600w, https:\/\/stammkoenigartus.de\/wp-content\/uploads\/20240331_151242-400x533.jpg 400w, https:\/\/stammkoenigartus.de\/wp-content\/uploads\/20240331_151242-scaled.jpg 1920w\" sizes=\"auto, (max-width: 3018px) 100vw, 3018px\" \/><\/figure>\n\n\n\n<figure class=\"wp-block-image size-large\"><img loading=\"lazy\" decoding=\"async\" width=\"4024\" height=\"3018\" data-id=\"18952\" src=\"https:\/\/stammkoenigartus.de\/wp-content\/uploads\/20240331_151250-4024x3018.jpg\" alt=\"\" class=\"wp-image-18952\" srcset=\"https:\/\/stammkoenigartus.de\/wp-content\/uploads\/20240331_151250-4024x3018.jpg 4024w, https:\/\/stammkoenigartus.de\/wp-content\/uploads\/20240331_151250-480x360.jpg 480w, https:\/\/stammkoenigartus.de\/wp-content\/uploads\/20240331_151250-768x576.jpg 768w, https:\/\/stammkoenigartus.de\/wp-content\/uploads\/20240331_151250-1536x1152.jpg 1536w, https:\/\/stammkoenigartus.de\/wp-content\/uploads\/20240331_151250-2048x1536.jpg 2048w, https:\/\/stammkoenigartus.de\/wp-content\/uploads\/20240331_151250-400x300.jpg 400w, https:\/\/stammkoenigartus.de\/wp-content\/uploads\/20240331_151250-600x450.jpg 600w\" sizes=\"auto, (max-width: 4024px) 100vw, 4024px\" \/><\/figure>\n\n\n\n<figure class=\"wp-block-image size-large\"><img loading=\"lazy\" decoding=\"async\" width=\"4024\" height=\"3018\" data-id=\"18953\" src=\"https:\/\/stammkoenigartus.de\/wp-content\/uploads\/20240331_151301-4024x3018.jpg\" alt=\"\" class=\"wp-image-18953\" srcset=\"https:\/\/stammkoenigartus.de\/wp-content\/uploads\/20240331_151301-4024x3018.jpg 4024w, https:\/\/stammkoenigartus.de\/wp-content\/uploads\/20240331_151301-480x360.jpg 480w, https:\/\/stammkoenigartus.de\/wp-content\/uploads\/20240331_151301-768x576.jpg 768w, https:\/\/stammkoenigartus.de\/wp-content\/uploads\/20240331_151301-1536x1152.jpg 1536w, https:\/\/stammkoenigartus.de\/wp-content\/uploads\/20240331_151301-2048x1536.jpg 2048w, https:\/\/stammkoenigartus.de\/wp-content\/uploads\/20240331_151301-400x300.jpg 400w, https:\/\/stammkoenigartus.de\/wp-content\/uploads\/20240331_151301-600x450.jpg 600w\" sizes=\"auto, (max-width: 4024px) 100vw, 4024px\" \/><\/figure>\n<\/figure>\n\n\n\n<p><strong>W\u00e4hrend: <\/strong><\/p>\n\n\n\n<figure class=\"wp-block-gallery has-nested-images columns-default is-cropped wp-block-gallery-2 is-layout-flex wp-block-gallery-is-layout-flex\">\n<figure class=\"wp-block-image size-large\"><img loading=\"lazy\" decoding=\"async\" width=\"3018\" height=\"4024\" data-id=\"18973\" src=\"https:\/\/stammkoenigartus.de\/wp-content\/uploads\/20240418_183738-3018x4024.jpg\" alt=\"\" class=\"wp-image-18973\" srcset=\"https:\/\/stammkoenigartus.de\/wp-content\/uploads\/20240418_183738-3018x4024.jpg 3018w, https:\/\/stammkoenigartus.de\/wp-content\/uploads\/20240418_183738-480x640.jpg 480w, https:\/\/stammkoenigartus.de\/wp-content\/uploads\/20240418_183738-768x1024.jpg 768w, https:\/\/stammkoenigartus.de\/wp-content\/uploads\/20240418_183738-1152x1536.jpg 1152w, https:\/\/stammkoenigartus.de\/wp-content\/uploads\/20240418_183738-1536x2048.jpg 1536w, https:\/\/stammkoenigartus.de\/wp-content\/uploads\/20240418_183738-225x300.jpg 225w, https:\/\/stammkoenigartus.de\/wp-content\/uploads\/20240418_183738-600x800.jpg 600w, https:\/\/stammkoenigartus.de\/wp-content\/uploads\/20240418_183738-400x533.jpg 400w, https:\/\/stammkoenigartus.de\/wp-content\/uploads\/20240418_183738-scaled.jpg 1920w\" sizes=\"auto, (max-width: 3018px) 100vw, 3018px\" \/><\/figure>\n\n\n\n<figure class=\"wp-block-image size-large\"><img loading=\"lazy\" decoding=\"async\" width=\"4024\" height=\"3018\" data-id=\"18974\" src=\"https:\/\/stammkoenigartus.de\/wp-content\/uploads\/20240419_100601-4024x3018.jpg\" alt=\"\" class=\"wp-image-18974\" srcset=\"https:\/\/stammkoenigartus.de\/wp-content\/uploads\/20240419_100601-4024x3018.jpg 4024w, https:\/\/stammkoenigartus.de\/wp-content\/uploads\/20240419_100601-480x360.jpg 480w, https:\/\/stammkoenigartus.de\/wp-content\/uploads\/20240419_100601-768x576.jpg 768w, https:\/\/stammkoenigartus.de\/wp-content\/uploads\/20240419_100601-1536x1152.jpg 1536w, https:\/\/stammkoenigartus.de\/wp-content\/uploads\/20240419_100601-2048x1536.jpg 2048w, https:\/\/stammkoenigartus.de\/wp-content\/uploads\/20240419_100601-400x300.jpg 400w, https:\/\/stammkoenigartus.de\/wp-content\/uploads\/20240419_100601-600x450.jpg 600w\" sizes=\"auto, (max-width: 4024px) 100vw, 4024px\" \/><\/figure>\n\n\n\n<figure class=\"wp-block-image size-large\"><img loading=\"lazy\" decoding=\"async\" width=\"3018\" height=\"4024\" data-id=\"18975\" src=\"https:\/\/stammkoenigartus.de\/wp-content\/uploads\/20240419_141350-3018x4024.jpg\" alt=\"\" class=\"wp-image-18975\" srcset=\"https:\/\/stammkoenigartus.de\/wp-content\/uploads\/20240419_141350-3018x4024.jpg 3018w, https:\/\/stammkoenigartus.de\/wp-content\/uploads\/20240419_141350-480x640.jpg 480w, https:\/\/stammkoenigartus.de\/wp-content\/uploads\/20240419_141350-768x1024.jpg 768w, https:\/\/stammkoenigartus.de\/wp-content\/uploads\/20240419_141350-1152x1536.jpg 1152w, https:\/\/stammkoenigartus.de\/wp-content\/uploads\/20240419_141350-1536x2048.jpg 1536w, https:\/\/stammkoenigartus.de\/wp-content\/uploads\/20240419_141350-225x300.jpg 225w, https:\/\/stammkoenigartus.de\/wp-content\/uploads\/20240419_141350-600x800.jpg 600w, https:\/\/stammkoenigartus.de\/wp-content\/uploads\/20240419_141350-400x533.jpg 400w, https:\/\/stammkoenigartus.de\/wp-content\/uploads\/20240419_141350-scaled.jpg 1920w\" sizes=\"auto, (max-width: 3018px) 100vw, 3018px\" \/><\/figure>\n<\/figure>\n\n\n\n<p><strong>Unsere Helfer:<\/strong> <\/p>\n\n\n\n<figure class=\"wp-block-gallery has-nested-images columns-default is-cropped wp-block-gallery-3 is-layout-flex wp-block-gallery-is-layout-flex\">\n<figure class=\"wp-block-image size-large\"><img loading=\"lazy\" decoding=\"async\" width=\"4024\" height=\"3018\" data-id=\"18976\" src=\"https:\/\/stammkoenigartus.de\/wp-content\/uploads\/20240420_100642-4024x3018.jpg\" alt=\"\" class=\"wp-image-18976\" srcset=\"https:\/\/stammkoenigartus.de\/wp-content\/uploads\/20240420_100642-4024x3018.jpg 4024w, https:\/\/stammkoenigartus.de\/wp-content\/uploads\/20240420_100642-480x360.jpg 480w, https:\/\/stammkoenigartus.de\/wp-content\/uploads\/20240420_100642-768x576.jpg 768w, https:\/\/stammkoenigartus.de\/wp-content\/uploads\/20240420_100642-1536x1152.jpg 1536w, https:\/\/stammkoenigartus.de\/wp-content\/uploads\/20240420_100642-2048x1536.jpg 2048w, https:\/\/stammkoenigartus.de\/wp-content\/uploads\/20240420_100642-400x300.jpg 400w, https:\/\/stammkoenigartus.de\/wp-content\/uploads\/20240420_100642-600x450.jpg 600w\" sizes=\"auto, (max-width: 4024px) 100vw, 4024px\" \/><\/figure>\n\n\n\n<figure class=\"wp-block-image size-large\"><img loading=\"lazy\" decoding=\"async\" width=\"4024\" height=\"3018\" data-id=\"18977\" src=\"https:\/\/stammkoenigartus.de\/wp-content\/uploads\/20240419_181154-4024x3018.jpg\" alt=\"\" class=\"wp-image-18977\" srcset=\"https:\/\/stammkoenigartus.de\/wp-content\/uploads\/20240419_181154-4024x3018.jpg 4024w, https:\/\/stammkoenigartus.de\/wp-content\/uploads\/20240419_181154-480x360.jpg 480w, https:\/\/stammkoenigartus.de\/wp-content\/uploads\/20240419_181154-768x576.jpg 768w, https:\/\/stammkoenigartus.de\/wp-content\/uploads\/20240419_181154-1536x1152.jpg 1536w, https:\/\/stammkoenigartus.de\/wp-content\/uploads\/20240419_181154-2048x1536.jpg 2048w, https:\/\/stammkoenigartus.de\/wp-content\/uploads\/20240419_181154-400x300.jpg 400w, https:\/\/stammkoenigartus.de\/wp-content\/uploads\/20240419_181154-600x450.jpg 600w\" sizes=\"auto, (max-width: 4024px) 100vw, 4024px\" \/><\/figure>\n\n\n\n<figure class=\"wp-block-image size-large\"><img loading=\"lazy\" decoding=\"async\" width=\"4024\" height=\"3018\" data-id=\"18978\" src=\"https:\/\/stammkoenigartus.de\/wp-content\/uploads\/20240419_113954-4024x3018.jpg\" alt=\"\" class=\"wp-image-18978\" srcset=\"https:\/\/stammkoenigartus.de\/wp-content\/uploads\/20240419_113954-4024x3018.jpg 4024w, https:\/\/stammkoenigartus.de\/wp-content\/uploads\/20240419_113954-480x360.jpg 480w, https:\/\/stammkoenigartus.de\/wp-content\/uploads\/20240419_113954-768x576.jpg 768w, https:\/\/stammkoenigartus.de\/wp-content\/uploads\/20240419_113954-1536x1152.jpg 1536w, https:\/\/stammkoenigartus.de\/wp-content\/uploads\/20240419_113954-2048x1536.jpg 2048w, https:\/\/stammkoenigartus.de\/wp-content\/uploads\/20240419_113954-400x300.jpg 400w, https:\/\/stammkoenigartus.de\/wp-content\/uploads\/20240419_113954-600x450.jpg 600w\" sizes=\"auto, (max-width: 4024px) 100vw, 4024px\" \/><\/figure>\n<\/figure>\n","protected":false},"excerpt":{"rendered":"<p>18. bis 21. April 2024 Wir nehmen an einer der gr\u00f6\u00dften Sozialaktionen des BDKJ teil. Die Challenge: Wir wollten in 72 h den alten Teich &hellip;<\/p>\n","protected":false},"author":2,"featured_media":18923,"parent":0,"menu_order":0,"comment_status":"closed","ping_status":"closed","template":"","meta":{"_monsterinsights_skip_tracking":false,"_monsterinsights_sitenote_active":false,"_monsterinsights_sitenote_note":"","_monsterinsights_sitenote_category":0,"footnotes":""},"class_list":["post-18929","page","type-page","status-publish","has-post-thumbnail","hentry"],"aioseo_notices":[],"_links":{"self":[{"href":"https:\/\/stammkoenigartus.de\/index.php?rest_route=\/wp\/v2\/pages\/18929","targetHints":{"allow":["GET"]}}],"collection":[{"href":"https:\/\/stammkoenigartus.de\/index.php?rest_route=\/wp\/v2\/pages"}],"about":[{"href":"https:\/\/stammkoenigartus.de\/index.php?rest_route=\/wp\/v2\/types\/page"}],"author":[{"embeddable":true,"href":"https:\/\/stammkoenigartus.de\/index.php?rest_route=\/wp\/v2\/users\/2"}],"replies":[{"embeddable":true,"href":"https:\/\/stammkoenigartus.de\/index.php?rest_route=%2Fwp%2Fv2%2Fcomments&post=18929"}],"version-history":[{"count":13,"href":"https:\/\/stammkoenigartus.de\/index.php?rest_route=\/wp\/v2\/pages\/18929\/revisions"}],"predecessor-version":[{"id":18979,"href":"https:\/\/stammkoenigartus.de\/index.php?rest_route=\/wp\/v2\/pages\/18929\/revisions\/18979"}],"wp:featuredmedia":[{"embeddable":true,"href":"https:\/\/stammkoenigartus.de\/index.php?rest_route=\/wp\/v2\/media\/18923"}],"wp:attachment":[{"href":"https:\/\/stammkoenigartus.de\/index.php?rest_route=%2Fwp%2Fv2%2Fmedia&parent=18929"}],"curies":[{"name":"wp","href":"https:\/\/api.w.org\/{rel}","templated":true}]}}