{"id":21420,"date":"2025-08-19T08:05:36","date_gmt":"2025-08-19T06:05:36","guid":{"rendered":"https:\/\/stammkoenigartus.de\/?page_id=21420"},"modified":"2025-08-19T08:07:49","modified_gmt":"2025-08-19T06:07:49","slug":"unterstuetzer-des-stammes","status":"publish","type":"page","link":"https:\/\/stammkoenigartus.de\/?page_id=21420","title":{"rendered":"Unterst\u00fctzer des Stammes"},"content":{"rendered":"\n<h2 class=\"wp-block-heading\">Freundeskreis der Pfadfinder Seibelsdorf e.V.<\/h2>\n\n\n\n<div class=\"wp-block-media-text is-stacked-on-mobile\"><figure class=\"wp-block-media-text__media\"><img loading=\"lazy\" decoding=\"async\" width=\"450\" height=\"600\" src=\"https:\/\/stammkoenigartus.de\/wp-content\/uploads\/Heim2004-neu.jpg\" alt=\"\" class=\"wp-image-6386 size-full\" srcset=\"https:\/\/stammkoenigartus.de\/wp-content\/uploads\/Heim2004-neu.jpg 450w, https:\/\/stammkoenigartus.de\/wp-content\/uploads\/Heim2004-neu-225x300.jpg 225w\" sizes=\"auto, (max-width: 450px) 100vw, 450px\" \/><\/figure><div class=\"wp-block-media-text__content\">\n<p>Der Freundeskreis der Pfadfinder besteht aus Freunden und Ehemaligen des Stamm K\u00f6nig Artus. Er ist P\u00e4chter des Pfadfinderheims und wendet alles auf um dieses zu erhalten und zu unterhalten. Alle Kosten die Entstehen sind Aufgabe des Freundeskreises. Alle Eltern sind eingeladen den Kreis mit einem Jahresbeitrag von 10 \u20ac zu unterst\u00fctzen. <\/p>\n\n\n\n<p>Jeder Erwachsene kann dem Freundeskreis der Pfadfinder beitreten. F\u00fcllt hierzu gerne das Formular aus und schickt es an unsere Heimadresse: Waldbuch 7, 96364 Marktrodach<br><a href=\"https:\/\/stammkoenigartus.de\/wp-content\/uploads\/Anmeldung-Freundeskreis.pdf\" target=\"_blank\" rel=\"noopener\" title=\"\">ANMELDUNG<\/a><\/p>\n\n\n\n<p>Nat\u00fcrlich gibt es auch die M\u00f6glichkeit eine Spende bei uns zu platzieren. Al gemeinn\u00fctzig Anerkannter Verein k\u00f6nnen wir Spendenquittungen zur Verf\u00fcgung stellen. <\/p>\n\n\n\n<p>Der Vorstand besteht aus:<br>Felix B\u00e4r<br>Willi Pechtold<\/p>\n<\/div><\/div>\n\n\n\n<h2 class=\"wp-block-heading\">Freundeskreis der Pfadfinder Steinwiesen e.V.<\/h2>\n\n\n\n<div class=\"wp-block-media-text has-media-on-the-right is-stacked-on-mobile\"><div class=\"wp-block-media-text__content\">\n<p>Fr\u00fcher hatten die Steinwiesner Pfadfinder ihr Heim in der Frankenwaldstra\u00dfe, welches im Jahr 1990 einem verheerendem Brand zum Opfer fiel. Deswegen wurde 1991 ein 1800 qm gro\u00dfes Grundst\u00fcck in der Industriestra\u00dfe gekauft. Dieses Grundst\u00fcck liegt gegen\u00fcber der ehemaligen Firma Dreefs. Man kaufte ein Musterhaus, baute dies selbst im Gesch\u00e4ft ab und stellte es auf dem neuen Grundst\u00fcck wieder auf. Durch die Marktgemeinde Steinwiesen erhielt man eine Sondergenehmigung f\u00fcr eine Erweiterung als ,,Keller\u201c. Seit 2017 nutzt unser Stamm das Haus in Steinwiesen intensiv, die Bienenprojektgruppe trifft sich regelm\u00e4\u00dfig. 1992 wurde schlie\u00dflich der Freundeskreis der Pfadfinder Steinwiesen e.V. gegr\u00fcndet. In der folgenden Zeit wurden auf der dazugeh\u00f6rigen Wiese vom Heim Feste mit Gottesdiensten, Pferdereiten, Wurfbuden, Essen usw. veranstaltet. Heute wird zur Finanzierung des Vereins einmal im Jahr eine Altkleidersammlung durchgef\u00fchrt. Um Mitglied beim Freundeskreis zu werden muss man nicht alles k\u00f6nnen, einfach nur das tun, was man besonders gern und gut kann. Es z\u00e4hlt der Spa\u00df an der Sache!<\/p>\n<\/div><figure class=\"wp-block-media-text__media\"><img loading=\"lazy\" decoding=\"async\" width=\"800\" height=\"532\" src=\"https:\/\/stammkoenigartus.de\/wp-content\/uploads\/heim-steinwiesen.jpg\" alt=\"\" class=\"wp-image-15218 size-full\" srcset=\"https:\/\/stammkoenigartus.de\/wp-content\/uploads\/heim-steinwiesen.jpg 800w, https:\/\/stammkoenigartus.de\/wp-content\/uploads\/heim-steinwiesen-480x319.jpg 480w, https:\/\/stammkoenigartus.de\/wp-content\/uploads\/heim-steinwiesen-768x511.jpg 768w, https:\/\/stammkoenigartus.de\/wp-content\/uploads\/heim-steinwiesen-346x230.jpg 346w, https:\/\/stammkoenigartus.de\/wp-content\/uploads\/heim-steinwiesen-600x399.jpg 600w, https:\/\/stammkoenigartus.de\/wp-content\/uploads\/heim-steinwiesen-400x266.jpg 400w\" sizes=\"auto, (max-width: 800px) 100vw, 800px\" \/><\/figure><\/div>\n","protected":false},"excerpt":{"rendered":"<p>Freundeskreis der Pfadfinder Seibelsdorf e.V. Der Freundeskreis der Pfadfinder besteht aus Freunden und Ehemaligen des Stamm K\u00f6nig Artus. Er ist P\u00e4chter des Pfadfinderheims und wendet &hellip;<\/p>\n","protected":false},"author":2,"featured_media":10183,"parent":17222,"menu_order":0,"comment_status":"closed","ping_status":"closed","template":"","meta":{"_monsterinsights_skip_tracking":false,"_monsterinsights_sitenote_active":false,"_monsterinsights_sitenote_note":"","_monsterinsights_sitenote_category":0,"footnotes":""},"class_list":["post-21420","page","type-page","status-publish","has-post-thumbnail","hentry"],"aioseo_notices":[],"_links":{"self":[{"href":"https:\/\/stammkoenigartus.de\/index.php?rest_route=\/wp\/v2\/pages\/21420","targetHints":{"allow":["GET"]}}],"collection":[{"href":"https:\/\/stammkoenigartus.de\/index.php?rest_route=\/wp\/v2\/pages"}],"about":[{"href":"https:\/\/stammkoenigartus.de\/index.php?rest_route=\/wp\/v2\/types\/page"}],"author":[{"embeddable":true,"href":"https:\/\/stammkoenigartus.de\/index.php?rest_route=\/wp\/v2\/users\/2"}],"replies":[{"embeddable":true,"href":"https:\/\/stammkoenigartus.de\/index.php?rest_route=%2Fwp%2Fv2%2Fcomments&post=21420"}],"version-history":[{"count":1,"href":"https:\/\/stammkoenigartus.de\/index.php?rest_route=\/wp\/v2\/pages\/21420\/revisions"}],"predecessor-version":[{"id":21423,"href":"https:\/\/stammkoenigartus.de\/index.php?rest_route=\/wp\/v2\/pages\/21420\/revisions\/21423"}],"up":[{"embeddable":true,"href":"https:\/\/stammkoenigartus.de\/index.php?rest_route=\/wp\/v2\/pages\/17222"}],"wp:featuredmedia":[{"embeddable":true,"href":"https:\/\/stammkoenigartus.de\/index.php?rest_route=\/wp\/v2\/media\/10183"}],"wp:attachment":[{"href":"https:\/\/stammkoenigartus.de\/index.php?rest_route=%2Fwp%2Fv2%2Fmedia&parent=21420"}],"curies":[{"name":"wp","href":"https:\/\/api.w.org\/{rel}","templated":true}]}}