{"id":21655,"date":"2025-10-03T00:18:11","date_gmt":"2025-10-02T22:18:11","guid":{"rendered":"https:\/\/stammkoenigartus.de\/?page_id=21655"},"modified":"2025-11-09T14:42:13","modified_gmt":"2025-11-09T13:42:13","slug":"anmeldung-halloween-kids-party","status":"publish","type":"page","link":"https:\/\/stammkoenigartus.de\/?page_id=21655","title":{"rendered":"Anmeldung Halloween Kids-Party"},"content":{"rendered":"<h4><strong>ANMELDUNG zur HALLOWEEN KIDS-PARTY<\/strong><\/h4>\n<p>Es freut uns, dass Ihr Interesse an unserer kostenlosen Halloween Kids-Party habt.<br \/>\nDie wichtigsten Informationen stehen auf unserem Flyer der zu entsprechender Zeit noch erscheint.<\/p>\n<p>Bei weiteren Fragen wendet euch gerne an uns:<br \/>\nstaf@stammkoenigartus.de<\/p>\n<p>Bitte meldet Euer Kind \u00fcber folgendes Formular an, damit wir besser planen k\u00f6nnen. Bei mehr als einem Kind bitten wir, jeweils einmal das Formular auszuf\u00fcllen.<\/p>\n<p>Wir freuen uns auf eine legend\u00e4re Halloween Kids-Party in Waldbuch.<\/p>\n\n<div class=\"wpcf7 no-js\" id=\"wpcf7-f21657-o1\" lang=\"en-US\" dir=\"ltr\" data-wpcf7-id=\"21657\">\n<div class=\"screen-reader-response\"><p role=\"status\" aria-live=\"polite\" aria-atomic=\"true\"><\/p> <ul><\/ul><\/div>\n<form action=\"\/index.php?rest_route=%2Fwp%2Fv2%2Fpages%2F21655#wpcf7-f21657-o1\" method=\"post\" class=\"wpcf7-form init\" aria-label=\"Contact form\" novalidate=\"novalidate\" data-status=\"init\">\n<fieldset class=\"hidden-fields-container\"><input type=\"hidden\" name=\"_wpcf7\" value=\"21657\" \/><input type=\"hidden\" name=\"_wpcf7_version\" value=\"6.1.5\" \/><input type=\"hidden\" name=\"_wpcf7_locale\" value=\"en_US\" \/><input type=\"hidden\" name=\"_wpcf7_unit_tag\" value=\"wpcf7-f21657-o1\" \/><input type=\"hidden\" name=\"_wpcf7_container_post\" value=\"0\" \/><input type=\"hidden\" name=\"_wpcf7_posted_data_hash\" value=\"\" \/>\n<\/fieldset>\n<p>Vor und Nachnahme des Kindes (Pflichtfeld)\n<\/p>\n<p><span class=\"wpcf7-form-control-wrap\" data-name=\"your-name\"><input size=\"40\" maxlength=\"400\" class=\"wpcf7-form-control wpcf7-text wpcf7-validates-as-required\" aria-required=\"true\" aria-invalid=\"false\" value=\"\" type=\"text\" name=\"your-name\" \/><\/span>\n<\/p>\n<p>Alter (Pflichtfeld)\n<\/p>\n<p><span class=\"wpcf7-form-control-wrap\" data-name=\"number-85\"><input class=\"wpcf7-form-control wpcf7-number wpcf7-validates-as-required wpcf7-validates-as-number\" min=\"4\" max=\"16\" aria-required=\"true\" aria-invalid=\"false\" value=\"\" type=\"number\" name=\"number-85\" \/><\/span>\n<\/p>\n<p>Ihre E-Mail-Adresse f\u00fcr R\u00fcckfragen (Pflichtfeld)\n<\/p>\n<p><span class=\"wpcf7-form-control-wrap\" data-name=\"your-email\"><input size=\"40\" maxlength=\"400\" class=\"wpcf7-form-control wpcf7-email wpcf7-validates-as-required wpcf7-text wpcf7-validates-as-email\" aria-required=\"true\" aria-invalid=\"false\" value=\"\" type=\"email\" name=\"your-email\" \/><\/span>\n<\/p>\n<p>Telefonnummer f\u00fcr R\u00fcckfragen (Pflichtfeld)\n<\/p>\n<p><span class=\"wpcf7-form-control-wrap\" data-name=\"tel-172\"><input size=\"40\" maxlength=\"400\" class=\"wpcf7-form-control wpcf7-tel wpcf7-validates-as-required wpcf7-text wpcf7-validates-as-tel\" aria-required=\"true\" aria-invalid=\"false\" value=\"\" type=\"tel\" name=\"tel-172\" \/><\/span>\n<\/p>\n<p>Interesse an den Pfadfindern? (Pflichtfeld)\n<\/p>\n<p><span class=\"wpcf7-form-control-wrap\" data-name=\"radio-111\"><span class=\"wpcf7-form-control wpcf7-radio\"><span class=\"wpcf7-list-item first\"><input type=\"radio\" name=\"radio-111\" value=\"Ja\" \/><span class=\"wpcf7-list-item-label\">Ja<\/span><\/span><span class=\"wpcf7-list-item last\"><input type=\"radio\" name=\"radio-111\" value=\"Nein\" \/><span class=\"wpcf7-list-item-label\">Nein<\/span><\/span><\/span><\/span><br \/>\nFalls nein verwenden wir Ihre E-Mail-Adresse ausschlie\u00dflich f\u00fcr die Halloween-Kids Party. Falls ja, w\u00fcrden wir uns per E-Mail gelegentlich bei Ihnen mit interessanten Angeboten melden.\n<\/p>\n<p>Sie k\u00f6nnen unsere gelegentlichen E-Mails jederzeit per formloser Mitteilung an info@stammkoenigartus.de abbestellen\n<\/p>\n<p>Wichtig f\u00fcr uns! Allergien? Vegetarier, oder andere Besonderheiten\n<\/p>\n<p><span class=\"wpcf7-form-control-wrap\" data-name=\"your-message\"><textarea cols=\"40\" rows=\"10\" maxlength=\"2000\" class=\"wpcf7-form-control wpcf7-textarea\" aria-invalid=\"false\" name=\"your-message\"><\/textarea><\/span>\n<\/p>\n<p>Noch Fragen oder m\u00f6chten Sie sonst noch etwas los werden?\n<\/p>\n<p><span class=\"wpcf7-form-control-wrap\" data-name=\"text-286\"><input size=\"40\" maxlength=\"400\" class=\"wpcf7-form-control wpcf7-text\" aria-invalid=\"false\" value=\"\" type=\"text\" name=\"text-286\" \/><\/span>\n<\/p>\n<p><input class=\"wpcf7-form-control wpcf7-submit has-spinner\" type=\"submit\" value=\"Senden\" \/>\n<\/p><div class=\"wpcf7-response-output\" aria-hidden=\"true\"><\/div>\n<\/form>\n<\/div>\n\r\n\t\t\t\t<script>\r\n\t\t\t\tif ( typeof huOptions !== 'undefined' ) {\r\n\t\t\t\t\tvar huFormData = {\"source\":\"contactform7\",\"id\":21657,\"title\":\"Kontaktformular Halloween Party Nichtmitglieder\",\"fields\":{\"subject\":{\"first_name\":\"your-name\",\"email\":\"your-email\"},\"preferences\":{\"terms\":\"your-consent\"}}};\r\n\t\t\t\t\tvar huFormNode = document.querySelector( '[id^=\"wpcf7-f21657-\"] form' );\r\n\r\n\t\t\t\t\thuFormData['node'] = huFormNode;\r\n\t\t\t\t\thuOptions['forms'].push( huFormData );\r\n\t\t\t\t}\r\n\t\t\t\t<\/script>\n","protected":false},"excerpt":{"rendered":"<p>ANMELDUNG zur HALLOWEEN KIDS-PARTY Es freut uns, dass Ihr Interesse an unserer kostenlosen Halloween Kids-Party habt. Die wichtigsten Informationen stehen auf unserem Flyer der zu &hellip;<\/p>\n","protected":false},"author":3,"featured_media":10900,"parent":0,"menu_order":0,"comment_status":"closed","ping_status":"closed","template":"","meta":{"_monsterinsights_skip_tracking":false,"_monsterinsights_sitenote_active":false,"_monsterinsights_sitenote_note":"","_monsterinsights_sitenote_category":0,"footnotes":""},"class_list":["post-21655","page","type-page","status-publish","has-post-thumbnail","hentry"],"aioseo_notices":[],"_links":{"self":[{"href":"https:\/\/stammkoenigartus.de\/index.php?rest_route=\/wp\/v2\/pages\/21655","targetHints":{"allow":["GET"]}}],"collection":[{"href":"https:\/\/stammkoenigartus.de\/index.php?rest_route=\/wp\/v2\/pages"}],"about":[{"href":"https:\/\/stammkoenigartus.de\/index.php?rest_route=\/wp\/v2\/types\/page"}],"author":[{"embeddable":true,"href":"https:\/\/stammkoenigartus.de\/index.php?rest_route=\/wp\/v2\/users\/3"}],"replies":[{"embeddable":true,"href":"https:\/\/stammkoenigartus.de\/index.php?rest_route=%2Fwp%2Fv2%2Fcomments&post=21655"}],"version-history":[{"count":6,"href":"https:\/\/stammkoenigartus.de\/index.php?rest_route=\/wp\/v2\/pages\/21655\/revisions"}],"predecessor-version":[{"id":21893,"href":"https:\/\/stammkoenigartus.de\/index.php?rest_route=\/wp\/v2\/pages\/21655\/revisions\/21893"}],"wp:featuredmedia":[{"embeddable":true,"href":"https:\/\/stammkoenigartus.de\/index.php?rest_route=\/wp\/v2\/media\/10900"}],"wp:attachment":[{"href":"https:\/\/stammkoenigartus.de\/index.php?rest_route=%2Fwp%2Fv2%2Fmedia&parent=21655"}],"curies":[{"name":"wp","href":"https:\/\/api.w.org\/{rel}","templated":true}]}}