{"id":18436,"date":"2023-06-27T16:27:20","date_gmt":"2023-06-27T14:27:20","guid":{"rendered":"https:\/\/stammkoenigartus.de\/?post_type=product&#038;p=18436"},"modified":"2023-06-27T16:34:19","modified_gmt":"2023-06-27T14:34:19","slug":"pfadfinderhemd-mit-kurzem-arm","status":"publish","type":"product","link":"https:\/\/stammkoenigartus.de\/?product=pfadfinderhemd-mit-kurzem-arm","title":{"rendered":"Pfadfinderhemd mit kurzem Arm"},"content":{"rendered":"<p><strong>Pfadfinderhemd \/ Fahrtenhemd (Kluft) mit abnehmbaren Schulterklappen.<\/strong><\/p>\n<p>100% Baumwolle, 2 Brusttaschen mit Patten. Langer Arm,\u00a0<strong>Farbe beige\/khaki. Kurzer Arm!<\/strong><\/p>\n<p><strong>WICHTIG<\/strong>: Bei den Gr\u00f6\u00dfen handelt es sich um Herren-Hemdengr\u00f6\u00dfen.<br \/>\n<strong>Die Erwachsenengr\u00f6\u00dfen fallen eher gro\u00df aus.<\/strong>\u00a0Wer zum Beispiel normalerweise in einem Hemd oder Pullover Gr\u00f6\u00dfe M (39\/40) tr\u00e4gt, sollte hier eine Nummer kleiner, also S (37\/38) w\u00e4hlen.<br \/>\nBei den Kindergr\u00f6\u00dfen handelt es sich um die normalen Gr\u00f6\u00dfen von Kinderhemden.<\/p>\n<p><strong>Gr\u00f6\u00dfentabelle:<\/strong><\/p>\n<p><strong>Gr\u00f6\u00dfe\u00a0<\/strong>\/ Bauchumfang \/ Schulterbreite \/ L\u00e4nge<\/p>\n<p><strong>116\u00a0<\/strong>\/ 78 \/ 36 \/ 48<\/p>\n<p><strong>128\u00a0<\/strong>\/ 84 \/ 36 \/ 56<\/p>\n<p><strong>140\u00a0<\/strong>\/ 92 \/ 42 \/ 58<\/p>\n<p><strong>152\u00a0<\/strong>\/ 94 \/ 44 \/ 65<\/p>\n<p><strong>164\u00a0<\/strong>\/ 101 \/ 45 \/ 70<\/p>\n<p><strong>176\u00a0<\/strong>\/ 107 \/ 47 \/ 76<\/p>\n<p><strong>S (37\/38)<\/strong>\u00a0\/ 112 \/ 49 \/ 78<\/p>\n<p><strong>M (39\/40)<\/strong>\u00a0\/ 118 \/ 51 \/ 81<\/p>\n<p><strong>L (41\/42)<\/strong>\u00a0\/ 124 \/ 53 \/ 81<\/p>\n<p><strong>XL (43\/44)<\/strong>\u00a0\/ 133 \/ 56 \/ 81<\/p>\n<p><strong>XXL (45\/46)<\/strong>\u00a0\/ 143 \/ 59 \/ 89<\/p>\n","protected":false},"excerpt":{"rendered":"<p>Pfadfinderhemd \/ Fahrtenhemd (Kluft) mit abnehmbaren Schulterklappen. 100% Baumwolle, 2 Brusttaschen mit Patten. Langer Arm,\u00a0Farbe beige\/khaki. Kurzer Arm! WICHTIG: Bei den Gr\u00f6\u00dfen handelt es sich &hellip;<\/p>\n","protected":false},"featured_media":6387,"template":"","meta":{"_monsterinsights_skip_tracking":false,"_monsterinsights_sitenote_active":false,"_monsterinsights_sitenote_note":"","_monsterinsights_sitenote_category":0},"product_brand":[],"product_cat":[221],"product_tag":[],"class_list":{"0":"post-18436","1":"product","2":"type-product","3":"status-publish","4":"has-post-thumbnail","6":"product_cat-hemd-kurzarm","8":"first","9":"instock","10":"shipping-taxable","11":"purchasable","12":"product-type-variable"},"aioseo_notices":[],"_links":{"self":[{"href":"https:\/\/stammkoenigartus.de\/index.php?rest_route=\/wp\/v2\/product\/18436","targetHints":{"allow":["GET"]}}],"collection":[{"href":"https:\/\/stammkoenigartus.de\/index.php?rest_route=\/wp\/v2\/product"}],"about":[{"href":"https:\/\/stammkoenigartus.de\/index.php?rest_route=\/wp\/v2\/types\/product"}],"wp:featuredmedia":[{"embeddable":true,"href":"https:\/\/stammkoenigartus.de\/index.php?rest_route=\/wp\/v2\/media\/6387"}],"wp:attachment":[{"href":"https:\/\/stammkoenigartus.de\/index.php?rest_route=%2Fwp%2Fv2%2Fmedia&parent=18436"}],"wp:term":[{"taxonomy":"product_brand","embeddable":true,"href":"https:\/\/stammkoenigartus.de\/index.php?rest_route=%2Fwp%2Fv2%2Fproduct_brand&post=18436"},{"taxonomy":"product_cat","embeddable":true,"href":"https:\/\/stammkoenigartus.de\/index.php?rest_route=%2Fwp%2Fv2%2Fproduct_cat&post=18436"},{"taxonomy":"product_tag","embeddable":true,"href":"https:\/\/stammkoenigartus.de\/index.php?rest_route=%2Fwp%2Fv2%2Fproduct_tag&post=18436"}],"curies":[{"name":"wp","href":"https:\/\/api.w.org\/{rel}","templated":true}]}}