{"id":18529,"date":"2023-06-27T23:41:25","date_gmt":"2023-06-27T21:41:25","guid":{"rendered":"https:\/\/stammkoenigartus.de\/?post_type=product&#038;p=18529"},"modified":"2023-06-28T23:44:01","modified_gmt":"2023-06-28T21:44:01","slug":"kohtenstoffuja-rv-kapuze-innentasche","status":"publish","type":"product","link":"https:\/\/stammkoenigartus.de\/?product=kohtenstoffuja-rv-kapuze-innentasche","title":{"rendered":"Kohtenstoffuja \/ RV-Kapuze \/ Innentasche"},"content":{"rendered":"<p>ngenschaftsjacke (Juja) aus Original Kohtenstoff (285 g\/qm), schwarz, mit drei Riegelverschl\u00fcssen, Rei\u00dfverschlusskapuze und einer Innentasche.<\/p>\n<p>Rei\u00dfverschlu\u00dfkapuze: Am unteren Kragenrand der Juja ist ein Rei\u00dfverschlu\u00df, durch Verschlie\u00dfen erh\u00e4lt man eine Kapuze.<\/p>\n<p>&nbsp;<\/p>\n<p>Wasserabweisend impr\u00e4gniert.<\/p>\n<p>Die Kohtenstoff- Juja oder auch Juscha wird gerne von Pfadfindern oder B\u00fcndischen \u00fcber der Kluft getragen. Die Juja aus Kohtenstoff wird aus dem originalen Zeltstoff hergestellt.<\/p>\n<p>Die Jujas fallen normal aus. Wer normalerweise Gr\u00f6\u00dfe M tr\u00e4gt, soll diese Gr\u00f6\u00dfe auch hier w\u00e4hlen.<\/p>\n<p>Gr\u00f6ssen XXS, XS 53,- Euro;<br \/>\nGr\u00f6ssen S, M, L 56,- Euro,<br \/>\nGr\u00f6ssen XL, XXL, XXXL, XXXXL 59,- Euro;<br \/>\n<strong>Gr\u00f6\u00dfentabelle<\/strong>:<\/p>\n<p>Gr\u00f6\u00dfe \/ Brustumfang in cm \/ \u00c4rmell\u00e4nge in cm \/ Gesamtl\u00e4nge in cm<\/p>\n<p>XXS \/ 94 \/ 48 \/ 60<\/p>\n<p>XS \/ 100 \/ 52 \/ 65<\/p>\n<p>S \/ 112 \/ 56 \/ 68<\/p>\n<p>M \/ 121 \/ 59 \/ 71<\/p>\n<p>L \/ 128 \/ 61 \/ 74<\/p>\n<p>XL \/ 135 \/ 65 \/ 77<\/p>\n<p>XXL \/ 141 \/ 68 \/ 80<\/p>\n<p>XXXL \/ 147 \/ 70 \/ 83<\/p>\n<p>XXXXL \/ 153 \/ 72 \/ 86<\/p>\n<p>&nbsp;<\/p>\n<p>&nbsp;<\/p>\n<p>Alle Ma\u00dfe sind ca. Ma\u00dfe und in cm. Zul\u00e4ssige Abweichung +\/- 1,5%.<\/p>\n","protected":false},"excerpt":{"rendered":"<p>ngenschaftsjacke (Juja) aus Original Kohtenstoff (285 g\/qm), schwarz, mit drei Riegelverschl\u00fcssen, Rei\u00dfverschlusskapuze und einer Innentasche. Rei\u00dfverschlu\u00dfkapuze: Am unteren Kragenrand der Juja ist ein Rei\u00dfverschlu\u00df, durch &hellip;<\/p>\n","protected":false},"featured_media":18538,"template":"","meta":{"_monsterinsights_skip_tracking":false,"_monsterinsights_sitenote_active":false,"_monsterinsights_sitenote_note":"","_monsterinsights_sitenote_category":0},"product_brand":[],"product_cat":[292],"product_tag":[],"class_list":{"0":"post-18529","1":"product","2":"type-product","3":"status-publish","4":"has-post-thumbnail","6":"product_cat-regen-kothenstoffjuja","8":"first","9":"instock","10":"shipping-taxable","11":"purchasable","12":"product-type-variable"},"aioseo_notices":[],"_links":{"self":[{"href":"https:\/\/stammkoenigartus.de\/index.php?rest_route=\/wp\/v2\/product\/18529","targetHints":{"allow":["GET"]}}],"collection":[{"href":"https:\/\/stammkoenigartus.de\/index.php?rest_route=\/wp\/v2\/product"}],"about":[{"href":"https:\/\/stammkoenigartus.de\/index.php?rest_route=\/wp\/v2\/types\/product"}],"wp:featuredmedia":[{"embeddable":true,"href":"https:\/\/stammkoenigartus.de\/index.php?rest_route=\/wp\/v2\/media\/18538"}],"wp:attachment":[{"href":"https:\/\/stammkoenigartus.de\/index.php?rest_route=%2Fwp%2Fv2%2Fmedia&parent=18529"}],"wp:term":[{"taxonomy":"product_brand","embeddable":true,"href":"https:\/\/stammkoenigartus.de\/index.php?rest_route=%2Fwp%2Fv2%2Fproduct_brand&post=18529"},{"taxonomy":"product_cat","embeddable":true,"href":"https:\/\/stammkoenigartus.de\/index.php?rest_route=%2Fwp%2Fv2%2Fproduct_cat&post=18529"},{"taxonomy":"product_tag","embeddable":true,"href":"https:\/\/stammkoenigartus.de\/index.php?rest_route=%2Fwp%2Fv2%2Fproduct_tag&post=18529"}],"curies":[{"name":"wp","href":"https:\/\/api.w.org\/{rel}","templated":true}]}}