{"id":18549,"date":"2023-06-28T22:35:04","date_gmt":"2023-06-28T20:35:04","guid":{"rendered":"https:\/\/stammkoenigartus.de\/?post_type=product&#038;p=18549"},"modified":"2023-06-28T23:44:21","modified_gmt":"2023-06-28T21:44:21","slug":"sommerjuja","status":"publish","type":"product","link":"https:\/\/stammkoenigartus.de\/?product=sommerjuja","title":{"rendered":"Sommerjuja"},"content":{"rendered":"<p><strong>Sommerjuja\u00a0 in der Farbe dunkelblau, 100% Bio-Baumwolle, mit einer Au\u00dfentasche und gro\u00dfem Kragen.<\/strong><\/p>\n<p>Zu den Gr\u00f6\u00dfen: Entsprechen den normalen Konfektionsgr\u00f6\u00dfen. Wer z.B. normalerweise L tr\u00e4gt, sollte diese Gr\u00f6\u00dfe auch hier f\u00fcr die Takelbluse w\u00e4hlen.<\/p>\n","protected":false},"excerpt":{"rendered":"<p>Sommerjuja\u00a0 in der Farbe dunkelblau, 100% Bio-Baumwolle, mit einer Au\u00dfentasche und gro\u00dfem Kragen. Zu den Gr\u00f6\u00dfen: Entsprechen den normalen Konfektionsgr\u00f6\u00dfen. Wer z.B. normalerweise L tr\u00e4gt, &hellip;<\/p>\n","protected":false},"featured_media":18561,"template":"","meta":{"_monsterinsights_skip_tracking":false,"_monsterinsights_sitenote_active":false,"_monsterinsights_sitenote_note":"","_monsterinsights_sitenote_category":0},"product_brand":[],"product_cat":[291],"product_tag":[],"class_list":{"0":"post-18549","1":"product","2":"type-product","3":"status-publish","4":"has-post-thumbnail","6":"product_cat-sommerjuja","8":"first","9":"instock","10":"shipping-taxable","11":"purchasable","12":"product-type-variable"},"aioseo_notices":[],"_links":{"self":[{"href":"https:\/\/stammkoenigartus.de\/index.php?rest_route=\/wp\/v2\/product\/18549","targetHints":{"allow":["GET"]}}],"collection":[{"href":"https:\/\/stammkoenigartus.de\/index.php?rest_route=\/wp\/v2\/product"}],"about":[{"href":"https:\/\/stammkoenigartus.de\/index.php?rest_route=\/wp\/v2\/types\/product"}],"wp:featuredmedia":[{"embeddable":true,"href":"https:\/\/stammkoenigartus.de\/index.php?rest_route=\/wp\/v2\/media\/18561"}],"wp:attachment":[{"href":"https:\/\/stammkoenigartus.de\/index.php?rest_route=%2Fwp%2Fv2%2Fmedia&parent=18549"}],"wp:term":[{"taxonomy":"product_brand","embeddable":true,"href":"https:\/\/stammkoenigartus.de\/index.php?rest_route=%2Fwp%2Fv2%2Fproduct_brand&post=18549"},{"taxonomy":"product_cat","embeddable":true,"href":"https:\/\/stammkoenigartus.de\/index.php?rest_route=%2Fwp%2Fv2%2Fproduct_cat&post=18549"},{"taxonomy":"product_tag","embeddable":true,"href":"https:\/\/stammkoenigartus.de\/index.php?rest_route=%2Fwp%2Fv2%2Fproduct_tag&post=18549"}],"curies":[{"name":"wp","href":"https:\/\/api.w.org\/{rel}","templated":true}]}}